{"id":2982,"date":"2020-09-05T19:27:09","date_gmt":"2020-09-05T16:27:09","guid":{"rendered":"https:\/\/8laayt.mertsahindemircioglu.com\/?page_id=2982"},"modified":"2021-05-23T14:38:22","modified_gmt":"2021-05-23T11:38:22","slug":"%d0%bc%d0%be%d0%b9-%d0%b0%d0%ba%d0%ba%d0%b0%d1%83%d0%bd%d1%82","status":"publish","type":"page","link":"https:\/\/8laayt.mertsahindemircioglu.com\/ru\/%d0%bc%d0%be%d0%b9-%d0%b0%d0%ba%d0%ba%d0%b0%d1%83%d0%bd%d1%82\/","title":{"rendered":"\u043c\u043e\u0439 \u0430\u043a\u043a\u0430\u0443\u043d\u0442"},"content":{"rendered":"<p>[woocommerce_my_account]<\/p>\n\n<!--themify_builder_content-->\n<div id=\"themify_builder_content-2982\" data-postid=\"2982\" class=\"themify_builder_content themify_builder_content-2982 themify_builder tf_clear\">\n                    <div  data-lazy=\"1\" class=\"module_row themify_builder_row tb_u9s2909 tb_first tf_w\">\n                        <div class=\"row_inner col_align_top tb_col_count_1 tf_box tf_rel\">\n                        <div  data-lazy=\"1\" class=\"module_column tb-column col-full tb_8ct6911 first\">\n                            <div  data-lazy=\"1\" class=\"module_subrow themify_builder_sub_row tf_w col_align_top tb_col_count_1 tb_n73s407\">\n                <div  data-lazy=\"1\" class=\"module_column sub_column col-full tb_083o409 first\">\n                    <!-- module buttons -->\n<div  class=\"module module-buttons tb_srl2201 buttons-horizontal solid  rounded buttons-fullwidth\" data-lazy=\"1\">\n        <div class=\"module-buttons-item tf_in_flx\">\n                        <a href=\"https:\/\/8laayt.mertsahindemircioglu.com\/nasil-yaparim\/\" class=\"ui builder_button tf_in_flx black\" target=\"_blank\" rel=\"noopener\">\n                                                Nas\u0131l yapar\u0131m? (Nas\u0131l ma\u011faza a\u00e7ar\u0131m) | Hesap ayarlar\u0131m\u0131 nas\u0131l yapar\u0131m?                                        <\/a>\n                <\/div>\n            <\/div>\n<!-- \/module buttons -->\n        <\/div>\n                    <\/div>\n                <\/div>\n                        <\/div>\n        <\/div>\n        <\/div>\n<!--\/themify_builder_content-->","protected":false},"excerpt":{"rendered":"","protected":false},"author":1,"featured_media":0,"parent":0,"menu_order":0,"comment_status":"closed","ping_status":"closed","template":"","meta":{"footnotes":""},"class_list":["post-2982","page","type-page","status-publish","hentry","has-post-title","has-post-date","has-post-category","has-post-tag","has-post-comment","has-post-author",""],"builder_content":"<a href=\"https:\/\/8laayt.mertsahindemircioglu.com\/nasil-yaparim\/\" target=\"_blank\" rel=\"noopener\"> Nas\u0131l yapar\u0131m? (Nas\u0131l ma\u011faza a\u00e7ar\u0131m) | Hesap ayarlar\u0131m\u0131 nas\u0131l yapar\u0131m? <\/a>","_links":{"self":[{"href":"https:\/\/8laayt.mertsahindemircioglu.com\/ru\/wp-json\/wp\/v2\/pages\/2982","targetHints":{"allow":["GET"]}}],"collection":[{"href":"https:\/\/8laayt.mertsahindemircioglu.com\/ru\/wp-json\/wp\/v2\/pages"}],"about":[{"href":"https:\/\/8laayt.mertsahindemircioglu.com\/ru\/wp-json\/wp\/v2\/types\/page"}],"author":[{"embeddable":true,"href":"https:\/\/8laayt.mertsahindemircioglu.com\/ru\/wp-json\/wp\/v2\/users\/1"}],"replies":[{"embeddable":true,"href":"https:\/\/8laayt.mertsahindemircioglu.com\/ru\/wp-json\/wp\/v2\/comments?post=2982"}],"version-history":[{"count":4,"href":"https:\/\/8laayt.mertsahindemircioglu.com\/ru\/wp-json\/wp\/v2\/pages\/2982\/revisions"}],"predecessor-version":[{"id":2987,"href":"https:\/\/8laayt.mertsahindemircioglu.com\/ru\/wp-json\/wp\/v2\/pages\/2982\/revisions\/2987"}],"wp:attachment":[{"href":"https:\/\/8laayt.mertsahindemircioglu.com\/ru\/wp-json\/wp\/v2\/media?parent=2982"}],"curies":[{"name":"wp","href":"https:\/\/api.w.org\/{rel}","templated":true}]}}